{"id":7,"date":"2021-04-01T10:04:34","date_gmt":"2021-04-01T08:04:34","guid":{"rendered":"https:\/\/docs.dolisim.com\/fr\/?page_id=7"},"modified":"2021-04-19T08:35:34","modified_gmt":"2021-04-19T06:35:34","slug":"gestion-locative","status":"publish","type":"page","link":"https:\/\/docs.dolisim.com\/fr\/gestion-locative\/","title":{"rendered":"Gestion locative"},"content":{"rendered":"\t\t<div data-elementor-type=\"wp-page\" data-elementor-id=\"7\" class=\"elementor elementor-7\">\n\t\t\t\t\t\t\t\t\t<section class=\"elementor-section elementor-top-section elementor-element elementor-element-7de783a2 elementor-section-boxed elementor-section-height-default elementor-section-height-default\" data-id=\"7de783a2\" data-element_type=\"section\">\n\t\t\t\t\t\t<div class=\"elementor-container elementor-column-gap-default\">\n\t\t\t\t\t<div class=\"elementor-column elementor-col-100 elementor-top-column elementor-element elementor-element-7164aeed\" data-id=\"7164aeed\" data-element_type=\"column\">\n\t\t\t<div class=\"elementor-widget-wrap elementor-element-populated\">\n\t\t\t\t\t\t\t\t<div class=\"elementor-element elementor-element-e95df66 elementor-widget elementor-widget-heading\" data-id=\"e95df66\" data-element_type=\"widget\" data-widget_type=\"heading.default\">\n\t\t\t\t<div class=\"elementor-widget-container\">\n\t\t\t<h1 class=\"elementor-heading-title elementor-size-default\">Gestion locative<\/h1>\t\t<\/div>\n\t\t\t\t<\/div>\n\t\t\t\t\t<\/div>\n\t\t<\/div>\n\t\t\t\t\t\t\t<\/div>\n\t\t<\/section>\n\t\t\t\t<section class=\"elementor-section elementor-top-section elementor-element elementor-element-b036c75 elementor-section-boxed elementor-section-height-default elementor-section-height-default\" data-id=\"b036c75\" data-element_type=\"section\">\n\t\t\t\t\t\t<div class=\"elementor-container elementor-column-gap-default\">\n\t\t\t\t\t<div class=\"elementor-column elementor-col-100 elementor-top-column elementor-element elementor-element-e6b3f57\" data-id=\"e6b3f57\" data-element_type=\"column\">\n\t\t\t<div class=\"elementor-widget-wrap elementor-element-populated\">\n\t\t\t\t\t\t\t\t<div class=\"elementor-element elementor-element-cdea9f3 elementor-posts--thumbnail-none elementor-grid-3 elementor-grid-tablet-2 elementor-grid-mobile-1 elementor-card-shadow-yes elementor-posts__hover-gradient elementor-widget elementor-widget-posts\" data-id=\"cdea9f3\" data-element_type=\"widget\" data-settings=\"{&quot;cards_columns&quot;:&quot;3&quot;,&quot;cards_columns_tablet&quot;:&quot;2&quot;,&quot;cards_columns_mobile&quot;:&quot;1&quot;,&quot;cards_row_gap&quot;:{&quot;unit&quot;:&quot;px&quot;,&quot;size&quot;:35,&quot;sizes&quot;:[]}}\" data-widget_type=\"posts.cards\">\n\t\t\t\t<div class=\"elementor-widget-container\">\n\t\t\t\t\t<div class=\"elementor-posts-container elementor-posts elementor-posts--skin-cards elementor-grid\">\n\t\t\t\t<article class=\"elementor-post elementor-grid-item post-714 post type-post status-publish format-standard has-post-thumbnail hentry category-gestion-locative\">\n\t\t\t<div class=\"elementor-post__card\">\n\t\t\t\t<div class=\"elementor-post__text\">\n\t\t\t\t<h3 class=\"elementor-post__title\">\n\t\t\t<a href=\"https:\/\/docs.dolisim.com\/fr\/activer-laffichage-du-logo-dun-proprietaire\/\" >\n\t\t\t\tActiver l&rsquo;affichage du logo d&rsquo;un propri\u00e9taire sur les factures de la gestion locative\t\t\t<\/a>\n\t\t<\/h3>\n\t\t\t\t<div class=\"elementor-post__excerpt\">\n\t\t\t<p>Certains bailleurs peuvent faire louer les biens appartenant \u00e0 une SCI. Des fois ils ont besoin \u00e0 ce que \u00e7a soit le logo des propri\u00e9taires<\/p>\n\t\t<\/div>\n\t\t\t\t<\/div>\n\t\t\t\t\t<\/div>\n\t\t<\/article>\n\t\t\t\t<article class=\"elementor-post elementor-grid-item post-708 post type-post status-publish format-standard hentry category-gestion-locative\">\n\t\t\t<div class=\"elementor-post__card\">\n\t\t\t\t<div class=\"elementor-post__text\">\n\t\t\t\t<h3 class=\"elementor-post__title\">\n\t\t\t<a href=\"https:\/\/docs.dolisim.com\/fr\/ajouter-limage-associe-a-un-proprietaire\/\" >\n\t\t\t\tAjouter l&rsquo;image associ\u00e9 \u00e0 un propri\u00e9taire sur Dolisim\t\t\t<\/a>\n\t\t<\/h3>\n\t\t\t\t<div class=\"elementor-post__excerpt\">\n\t\t\t<p>Un propri\u00e9taire n&rsquo;est pas forc\u00e9ment une personne morale. Il peut aussi \u00eatre une entit\u00e9, poss\u00e9dant un logo. Nous allons donc voir dans ce tutoriel comment<\/p>\n\t\t<\/div>\n\t\t\t\t<\/div>\n\t\t\t\t\t<\/div>\n\t\t<\/article>\n\t\t\t\t<article class=\"elementor-post elementor-grid-item post-452 post type-post status-publish format-standard has-post-thumbnail hentry category-gestion-locative\">\n\t\t\t<div class=\"elementor-post__card\">\n\t\t\t\t<div class=\"elementor-post__text\">\n\t\t\t\t<h3 class=\"elementor-post__title\">\n\t\t\t<a href=\"https:\/\/docs.dolisim.com\/fr\/ajouter-informations-assurance-pour-une-location\/\" >\n\t\t\t\tAjouter les informations de l&rsquo;assurance pour une location dans Dolisim\t\t\t<\/a>\n\t\t<\/h3>\n\t\t\t\t<div class=\"elementor-post__excerpt\">\n\t\t\t<p>Lors de la validation d&rsquo;une location, le locataire s\u2019engage \u00e0 souscrire \u00e0 une assurance multirisques habitation. Et \u00e0 remettre une copie lors de l&rsquo;entr\u00e9e dans<\/p>\n\t\t<\/div>\n\t\t\t\t<\/div>\n\t\t\t\t\t<\/div>\n\t\t<\/article>\n\t\t\t\t<article class=\"elementor-post elementor-grid-item post-69 post type-post status-publish format-standard has-post-thumbnail hentry category-gestion-locative\">\n\t\t\t<div class=\"elementor-post__card\">\n\t\t\t\t<div class=\"elementor-post__text\">\n\t\t\t\t<h3 class=\"elementor-post__title\">\n\t\t\t<a href=\"https:\/\/docs.dolisim.com\/fr\/ajouter-les-irl\/\" >\n\t\t\t\tAjouter les IRL dans Dolisim\t\t\t<\/a>\n\t\t<\/h3>\n\t\t\t\t<div class=\"elementor-post__excerpt\">\n\t\t\t<p>L\u2019IRL ou l\u2019indice de r\u00e9f\u00e9rence des loyers est utilis\u00e9e pour r\u00e9\u00e9valuer les loyers des logements lou\u00e9s vides ou meubl\u00e9s. Il fixe les plafonds des augmentations<\/p>\n\t\t<\/div>\n\t\t\t\t<\/div>\n\t\t\t\t\t<\/div>\n\t\t<\/article>\n\t\t\t\t<article class=\"elementor-post elementor-grid-item post-57 post type-post status-publish format-standard has-post-thumbnail hentry category-gestion-locative\">\n\t\t\t<div class=\"elementor-post__card\">\n\t\t\t\t<div class=\"elementor-post__text\">\n\t\t\t\t<h3 class=\"elementor-post__title\">\n\t\t\t<a href=\"https:\/\/docs.dolisim.com\/fr\/ajouter-les-photos-dun-bien\/\" >\n\t\t\t\tAjouter les photos d&rsquo;un bien dans Dolisim\t\t\t<\/a>\n\t\t<\/h3>\n\t\t\t\t<div class=\"elementor-post__excerpt\">\n\t\t\t<p>Vous perdez trop de temps avec la recherche des photos de vos biens dans vos dossiers ?Avec la gestion locative, vous pouvez directement ajouter les<\/p>\n\t\t<\/div>\n\t\t\t\t<\/div>\n\t\t\t\t\t<\/div>\n\t\t<\/article>\n\t\t\t\t<article class=\"elementor-post elementor-grid-item post-377 post type-post status-publish format-standard hentry category-gestion-locative\">\n\t\t\t<div class=\"elementor-post__card\">\n\t\t\t\t<div class=\"elementor-post__text\">\n\t\t\t\t<h3 class=\"elementor-post__title\">\n\t\t\t<a href=\"https:\/\/docs.dolisim.com\/fr\/ajout-depot-de-garantie\/\" >\n\t\t\t\tAjouter un d\u00e9p\u00f4t de garantie lors de la cr\u00e9ation d&rsquo;une location\t\t\t<\/a>\n\t\t<\/h3>\n\t\t\t\t<div class=\"elementor-post__excerpt\">\n\t\t\t<p>Lorsqu\u2019une location est faite, d\u00e8s fois le bailleur demande un montant \u00e0 payer pour le D\u00e9p\u00f4t de granite ou Caution. Ce montant-l\u00e0 est rendu au<\/p>\n\t\t<\/div>\n\t\t\t\t<\/div>\n\t\t\t\t\t<\/div>\n\t\t<\/article>\n\t\t\t\t<article class=\"elementor-post elementor-grid-item post-735 post type-post status-publish format-standard has-post-thumbnail hentry category-gestion-locative\">\n\t\t\t<div class=\"elementor-post__card\">\n\t\t\t\t<div class=\"elementor-post__text\">\n\t\t\t\t<h3 class=\"elementor-post__title\">\n\t\t\t<a href=\"https:\/\/docs.dolisim.com\/fr\/ajouter-un-etat-de-bien\/\" >\n\t\t\t\tAjouter un \u00e9tat de bien sur Dolisim\t\t\t<\/a>\n\t\t<\/h3>\n\t\t\t\t<div class=\"elementor-post__excerpt\">\n\t\t\t<p>Lors de la cr\u00e9ation ou de la modification d&rsquo;un bien, vous devez choisir l&rsquo;\u00e9tat du bien. Par d\u00e9faut, les \u00e9tats propos\u00e9s sont : Disponible, Occup\u00e9,<\/p>\n\t\t<\/div>\n\t\t\t\t<\/div>\n\t\t\t\t\t<\/div>\n\t\t<\/article>\n\t\t\t\t<article class=\"elementor-post elementor-grid-item post-401 post type-post status-publish format-standard has-post-thumbnail hentry category-gestion-locative\">\n\t\t\t<div class=\"elementor-post__card\">\n\t\t\t\t<div class=\"elementor-post__text\">\n\t\t\t\t<h3 class=\"elementor-post__title\">\n\t\t\t<a href=\"https:\/\/docs.dolisim.com\/fr\/ajouter-un-type-de-bien\/\" >\n\t\t\t\tAjouter un type de bien dans Dolisim\t\t\t<\/a>\n\t\t<\/h3>\n\t\t\t\t<div class=\"elementor-post__excerpt\">\n\t\t\t<p>Lors de la cr\u00e9ation d&rsquo;un bien, les types par d\u00e9faut que vous pouvez s\u00e9lectionner sont : Maison, Appartement et Bureaux. Cependant, il est possible de<\/p>\n\t\t<\/div>\n\t\t\t\t<\/div>\n\t\t\t\t\t<\/div>\n\t\t<\/article>\n\t\t\t\t<article class=\"elementor-post elementor-grid-item post-76 post type-post status-publish format-standard has-post-thumbnail hentry category-gestion-locative\">\n\t\t\t<div class=\"elementor-post__card\">\n\t\t\t\t<div class=\"elementor-post__text\">\n\t\t\t\t<h3 class=\"elementor-post__title\">\n\t\t\t<a href=\"https:\/\/docs.dolisim.com\/fr\/configurer-lenvoi-automatique-des-emails\/\" >\n\t\t\t\tConfigurer l&rsquo;envoi automatique des emails dans Dolisim\t\t\t<\/a>\n\t\t<\/h3>\n\t\t\t\t<div class=\"elementor-post__excerpt\">\n\t\t\t<p>Lorsque vous cr\u00e9ez une nouvelle location, parmi les champs obligatoires \u00e0 remplir, vous avez la date d\u2019\u00e9ch\u00e9ance. C\u2019est la date \u00e0 laquelle le locataire doit<\/p>\n\t\t<\/div>\n\t\t\t\t<\/div>\n\t\t\t\t\t<\/div>\n\t\t<\/article>\n\t\t\t\t<article class=\"elementor-post elementor-grid-item post-719 post type-post status-publish format-standard has-post-thumbnail hentry category-gestion-locative\">\n\t\t\t<div class=\"elementor-post__card\">\n\t\t\t\t<div class=\"elementor-post__text\">\n\t\t\t\t<h3 class=\"elementor-post__title\">\n\t\t\t<a href=\"https:\/\/docs.dolisim.com\/fr\/consulter-les-factures-liees-a-un-proprietaire-sur-dolisim\/\" >\n\t\t\t\tConsulter les factures li\u00e9es \u00e0 un propri\u00e9taire sur Dolisim\t\t\t<\/a>\n\t\t<\/h3>\n\t\t\t\t<div class=\"elementor-post__excerpt\">\n\t\t\t<p>Vous gal\u00e9rez pour le tri de vos factures avec les propri\u00e9taires ? Ne vous inqui\u00e9tez pas, sur Dolisim, vous avez la possibilit\u00e9 de consulter toutes<\/p>\n\t\t<\/div>\n\t\t\t\t<\/div>\n\t\t\t\t\t<\/div>\n\t\t<\/article>\n\t\t\t\t<article class=\"elementor-post elementor-grid-item post-730 post type-post status-publish format-standard has-post-thumbnail hentry category-gestion-locative\">\n\t\t\t<div class=\"elementor-post__card\">\n\t\t\t\t<div class=\"elementor-post__text\">\n\t\t\t\t<h3 class=\"elementor-post__title\">\n\t\t\t<a href=\"https:\/\/docs.dolisim.com\/fr\/consulter-les-factures-d-une-location\/\" >\n\t\t\t\tConsulter les factures li\u00e9es \u00e0 une location sur Dolisim\t\t\t<\/a>\n\t\t<\/h3>\n\t\t\t\t<div class=\"elementor-post__excerpt\">\n\t\t\t<p>Vous avez trop de factures et il vous est difficile de retrouver celle d&rsquo;une location en particulier ? Ne vous inqui\u00e9tez pas, sur Dolisim vous<\/p>\n\t\t<\/div>\n\t\t\t\t<\/div>\n\t\t\t\t\t<\/div>\n\t\t<\/article>\n\t\t\t\t<article class=\"elementor-post elementor-grid-item post-87 post type-post status-publish format-standard has-post-thumbnail hentry category-gestion-locative\">\n\t\t\t<div class=\"elementor-post__card\">\n\t\t\t\t<div class=\"elementor-post__text\">\n\t\t\t\t<h3 class=\"elementor-post__title\">\n\t\t\t<a href=\"https:\/\/docs.dolisim.com\/fr\/creer-des-champs-personnalises\/\" >\n\t\t\t\tCr\u00e9er des champs personnalis\u00e9s dans la fiche d&rsquo;un bien\t\t\t<\/a>\n\t\t<\/h3>\n\t\t\t\t<div class=\"elementor-post__excerpt\">\n\t\t\t<p>Lorsque vous cr\u00e9ez un nouveau bien dans la gestion locative de Dolisim, vous avez des champs par d\u00e9faut qui sont \u00e0 remplir. Si vous avez<\/p>\n\t\t<\/div>\n\t\t\t\t<\/div>\n\t\t\t\t\t<\/div>\n\t\t<\/article>\n\t\t\t\t<article class=\"elementor-post elementor-grid-item post-98 post type-post status-publish format-standard has-post-thumbnail hentry category-gestion-locative\">\n\t\t\t<div class=\"elementor-post__card\">\n\t\t\t\t<div class=\"elementor-post__text\">\n\t\t\t\t<h3 class=\"elementor-post__title\">\n\t\t\t<a href=\"https:\/\/docs.dolisim.com\/fr\/creer-un-locataire\/\" >\n\t\t\t\tCr\u00e9er un locataire dans Dolisim\t\t\t<\/a>\n\t\t<\/h3>\n\t\t\t\t<div class=\"elementor-post__excerpt\">\n\t\t\t<p>Les locataires sont enregistr\u00e9s en tant que client dans Dolisim. Tous les clients enregistr\u00e9s dans TIERS sont list\u00e9s et retrouv\u00e9s dans la liste des locataires.Dans<\/p>\n\t\t<\/div>\n\t\t\t\t<\/div>\n\t\t\t\t\t<\/div>\n\t\t<\/article>\n\t\t\t\t<article class=\"elementor-post elementor-grid-item post-703 post type-post status-publish format-standard has-post-thumbnail hentry category-gestion-locative\">\n\t\t\t<div class=\"elementor-post__card\">\n\t\t\t\t<div class=\"elementor-post__text\">\n\t\t\t\t<h3 class=\"elementor-post__title\">\n\t\t\t<a href=\"https:\/\/docs.dolisim.com\/fr\/creer-un-proprietaire-v2\/\" >\n\t\t\t\tCr\u00e9er un propri\u00e9taire (V2) sur Dolisim\t\t\t<\/a>\n\t\t<\/h3>\n\t\t\t\t<div class=\"elementor-post__excerpt\">\n\t\t\t<p>Auparavant, la cr\u00e9ation d&rsquo;un propri\u00e9taire n\u00e9cessitait d&rsquo;avoir un tiers de type fournisseur, et de le lier \u00e0 un contact. Sur la derni\u00e8re am\u00e9lioration, la cr\u00e9ation<\/p>\n\t\t<\/div>\n\t\t\t\t<\/div>\n\t\t\t\t\t<\/div>\n\t\t<\/article>\n\t\t\t\t<article class=\"elementor-post elementor-grid-item post-39 post type-post status-publish format-standard has-post-thumbnail hentry category-gestion-locative\">\n\t\t\t<div class=\"elementor-post__card\">\n\t\t\t\t<div class=\"elementor-post__text\">\n\t\t\t\t<h3 class=\"elementor-post__title\">\n\t\t\t<a href=\"https:\/\/docs.dolisim.com\/fr\/creer-un-proprietaire\/\" >\n\t\t\t\tCr\u00e9er un propri\u00e9taire dans Dolisim\t\t\t<\/a>\n\t\t<\/h3>\n\t\t\t\t<div class=\"elementor-post__excerpt\">\n\t\t\t<p>Le module gestion locative permet de g\u00e9rer les biens en location, et faire un suivi de la disponibilit\u00e9 de chaque bien. Le module g\u00e9n\u00e8re les<\/p>\n\t\t<\/div>\n\t\t\t\t<\/div>\n\t\t\t\t\t<\/div>\n\t\t<\/article>\n\t\t\t\t<article class=\"elementor-post elementor-grid-item post-29 post type-post status-publish format-standard has-post-thumbnail hentry category-gestion-locative\">\n\t\t\t<div class=\"elementor-post__card\">\n\t\t\t\t<div class=\"elementor-post__text\">\n\t\t\t\t<h3 class=\"elementor-post__title\">\n\t\t\t<a href=\"https:\/\/docs.dolisim.com\/fr\/enregistrer-un-bien\/\" >\n\t\t\t\tEnregistrer un bien dans Dolisim\t\t\t<\/a>\n\t\t<\/h3>\n\t\t\t\t<div class=\"elementor-post__excerpt\">\n\t\t\t<p>Dans ce tutoriel, nous allons voir comment cr\u00e9er un nouveau bien et les diff\u00e9rents types de contenus. Tout d\u2019abord, vous allez vous connecter sur votre<\/p>\n\t\t<\/div>\n\t\t\t\t<\/div>\n\t\t\t\t\t<\/div>\n\t\t<\/article>\n\t\t\t\t<article class=\"elementor-post elementor-grid-item post-62 post type-post status-publish format-standard has-post-thumbnail hentry category-gestion-locative\">\n\t\t\t<div class=\"elementor-post__card\">\n\t\t\t\t<div class=\"elementor-post__text\">\n\t\t\t\t<h3 class=\"elementor-post__title\">\n\t\t\t<a href=\"https:\/\/docs.dolisim.com\/fr\/enregistrer-un-paiement-de-loyer\/\" >\n\t\t\t\tEnregistrer un paiement de loyer dans Dolisim\t\t\t<\/a>\n\t\t<\/h3>\n\t\t\t\t<div class=\"elementor-post__excerpt\">\n\t\t\t<p>Avez-vous re\u00e7u le loyer de votre locataire ?C\u2019est une bonne chose, il est maintenant temps d\u2019enregistrer le paiement. Pour cela, connectez-vous \u00e0 votre Dolisim, Cliquez<\/p>\n\t\t<\/div>\n\t\t\t\t<\/div>\n\t\t\t\t\t<\/div>\n\t\t<\/article>\n\t\t\t\t<article class=\"elementor-post elementor-grid-item post-760 post type-post status-publish format-standard has-post-thumbnail hentry category-gestion-locative\">\n\t\t\t<div class=\"elementor-post__card\">\n\t\t\t\t<div class=\"elementor-post__text\">\n\t\t\t\t<h3 class=\"elementor-post__title\">\n\t\t\t<a href=\"https:\/\/docs.dolisim.com\/fr\/enregistrer-une-location-saisonniere\/\" >\n\t\t\t\tEnregistrer une location saisonni\u00e8re sur Dolisim\t\t\t<\/a>\n\t\t<\/h3>\n\t\t\t\t<div class=\"elementor-post__excerpt\">\n\t\t\t<p>Votre activit\u00e9 g\u00e8re aussi les locations sur courte dur\u00e9e ? \u00c7a tombe bien! Gr\u00e2ce \u00e0 la location saisonni\u00e8re vous pourrez cr\u00e9er des locations pour une<\/p>\n\t\t<\/div>\n\t\t\t\t<\/div>\n\t\t\t\t\t<\/div>\n\t\t<\/article>\n\t\t\t\t<article class=\"elementor-post elementor-grid-item post-45 post type-post status-publish format-standard has-post-thumbnail hentry category-gestion-locative\">\n\t\t\t<div class=\"elementor-post__card\">\n\t\t\t\t<div class=\"elementor-post__text\">\n\t\t\t\t<h3 class=\"elementor-post__title\">\n\t\t\t<a href=\"https:\/\/docs.dolisim.com\/fr\/enregistrer-une-nouvelle-location\/\" >\n\t\t\t\tEnregistrer une nouvelle location dans Dolisim\t\t\t<\/a>\n\t\t<\/h3>\n\t\t\t\t<div class=\"elementor-post__excerpt\">\n\t\t\t<p>Vous avez d\u00e9j\u00e0 franchi le cap de la cr\u00e9ation d\u2019un nouveau bien? Nous allons maintenant proc\u00e9der \u00e0 la cr\u00e9ation de la location. Quand vous \u00eates<\/p>\n\t\t<\/div>\n\t\t\t\t<\/div>\n\t\t\t\t\t<\/div>\n\t\t<\/article>\n\t\t\t\t<article class=\"elementor-post elementor-grid-item post-50 post type-post status-publish format-standard has-post-thumbnail hentry category-gestion-locative\">\n\t\t\t<div class=\"elementor-post__card\">\n\t\t\t\t<div class=\"elementor-post__text\">\n\t\t\t\t<h3 class=\"elementor-post__title\">\n\t\t\t<a href=\"https:\/\/docs.dolisim.com\/fr\/faire-un-etat-des-lieux\/\" >\n\t\t\t\tFaire un \u00e9tat des lieux dans Dolisim\t\t\t<\/a>\n\t\t<\/h3>\n\t\t\t\t<div class=\"elementor-post__excerpt\">\n\t\t\t<p>L\u2019\u00e9tat des lieux d\u2019entr\u00e9e et l\u2019\u00e9tat des lieux de sortie sont des documents obligatoires. En leur absence, les parties prenantes au contrat de location ne<\/p>\n\t\t<\/div>\n\t\t\t\t<\/div>\n\t\t\t\t\t<\/div>\n\t\t<\/article>\n\t\t\t\t<article class=\"elementor-post elementor-grid-item post-573 post type-post status-publish format-standard has-post-thumbnail hentry category-gestion-locative\">\n\t\t\t<div class=\"elementor-post__card\">\n\t\t\t\t<div class=\"elementor-post__text\">\n\t\t\t\t<h3 class=\"elementor-post__title\">\n\t\t\t<a href=\"https:\/\/docs.dolisim.com\/fr\/personnaliser-le-mail-de-relance-et-de-quittance\/\" >\n\t\t\t\tPersonnaliser l&rsquo;e-mail de relance et de quittance sur Dolisim\t\t\t<\/a>\n\t\t<\/h3>\n\t\t\t\t<div class=\"elementor-post__excerpt\">\n\t\t\t<p>Sur le module gestion locative, un client peut \u00eatre relanc\u00e9 automatiquement pour le paiement de son loyer. Lors du paiement de loyers, le quittance peut<\/p>\n\t\t<\/div>\n\t\t\t\t<\/div>\n\t\t\t\t\t<\/div>\n\t\t<\/article>\n\t\t\t\t<\/div>\n\t\t\t\t<\/div>\n\t\t\t\t<\/div>\n\t\t\t\t\t<\/div>\n\t\t<\/div>\n\t\t\t\t\t\t\t<\/div>\n\t\t<\/section>\n\t\t\t\t\t\t\t<\/div>\n\t\t","protected":false},"excerpt":{"rendered":"<p>Gestion locative<\/p>\n","protected":false},"author":1,"featured_media":0,"parent":0,"menu_order":0,"comment_status":"closed","ping_status":"closed","template":"elementor_header_footer","meta":{"footnotes":""},"class_list":["post-7","page","type-page","status-publish","hentry"],"yoast_head":"<!-- This site is optimized with the Yoast SEO plugin v19.11 - https:\/\/yoast.com\/wordpress\/plugins\/seo\/ -->\n<title>Gestion locative - Documentation Dolisim<\/title>\n<meta name=\"robots\" content=\"index, follow, max-snippet:-1, max-image-preview:large, max-video-preview:-1\" \/>\n<link rel=\"canonical\" href=\"https:\/\/docs.dolisim.com\/fr\/gestion-locative\/\" \/>\n<meta property=\"og:locale\" content=\"fr_FR\" \/>\n<meta property=\"og:type\" content=\"article\" \/>\n<meta property=\"og:title\" content=\"Gestion locative - Documentation Dolisim\" \/>\n<meta property=\"og:description\" content=\"Gestion locative\" \/>\n<meta property=\"og:url\" content=\"https:\/\/docs.dolisim.com\/fr\/gestion-locative\/\" \/>\n<meta property=\"og:site_name\" content=\"Documentation Dolisim\" \/>\n<meta property=\"article:modified_time\" content=\"2021-04-19T06:35:34+00:00\" \/>\n<meta name=\"twitter:card\" content=\"summary_large_image\" \/>\n<meta name=\"twitter:label1\" content=\"Dur\u00e9e de lecture estim\u00e9e\" \/>\n\t<meta name=\"twitter:data1\" content=\"2 minutes\" \/>\n<script type=\"application\/ld+json\" class=\"yoast-schema-graph\">{\"@context\":\"https:\/\/schema.org\",\"@graph\":[{\"@type\":\"WebPage\",\"@id\":\"https:\/\/docs.dolisim.com\/fr\/gestion-locative\/\",\"url\":\"https:\/\/docs.dolisim.com\/fr\/gestion-locative\/\",\"name\":\"Gestion locative - Documentation Dolisim\",\"isPartOf\":{\"@id\":\"https:\/\/docs.dolisim.com\/fr\/#website\"},\"datePublished\":\"2021-04-01T08:04:34+00:00\",\"dateModified\":\"2021-04-19T06:35:34+00:00\",\"breadcrumb\":{\"@id\":\"https:\/\/docs.dolisim.com\/fr\/gestion-locative\/#breadcrumb\"},\"inLanguage\":\"fr-FR\",\"potentialAction\":[{\"@type\":\"ReadAction\",\"target\":[\"https:\/\/docs.dolisim.com\/fr\/gestion-locative\/\"]}]},{\"@type\":\"BreadcrumbList\",\"@id\":\"https:\/\/docs.dolisim.com\/fr\/gestion-locative\/#breadcrumb\",\"itemListElement\":[{\"@type\":\"ListItem\",\"position\":1,\"name\":\"Home\",\"item\":\"https:\/\/docs.dolisim.com\/fr\/\"},{\"@type\":\"ListItem\",\"position\":2,\"name\":\"Gestion locative\"}]},{\"@type\":\"WebSite\",\"@id\":\"https:\/\/docs.dolisim.com\/fr\/#website\",\"url\":\"https:\/\/docs.dolisim.com\/fr\/\",\"name\":\"Documentation Dolisim\",\"description\":\"Logiciel de Gestion d&#039;Entreprise ERP\",\"potentialAction\":[{\"@type\":\"SearchAction\",\"target\":{\"@type\":\"EntryPoint\",\"urlTemplate\":\"https:\/\/docs.dolisim.com\/fr\/?s={search_term_string}\"},\"query-input\":\"required name=search_term_string\"}],\"inLanguage\":\"fr-FR\"}]}<\/script>\n<!-- \/ Yoast SEO plugin. -->","yoast_head_json":{"title":"Gestion locative - Documentation Dolisim","robots":{"index":"index","follow":"follow","max-snippet":"max-snippet:-1","max-image-preview":"max-image-preview:large","max-video-preview":"max-video-preview:-1"},"canonical":"https:\/\/docs.dolisim.com\/fr\/gestion-locative\/","og_locale":"fr_FR","og_type":"article","og_title":"Gestion locative - Documentation Dolisim","og_description":"Gestion locative","og_url":"https:\/\/docs.dolisim.com\/fr\/gestion-locative\/","og_site_name":"Documentation Dolisim","article_modified_time":"2021-04-19T06:35:34+00:00","twitter_card":"summary_large_image","twitter_misc":{"Dur\u00e9e de lecture estim\u00e9e":"2 minutes"},"schema":{"@context":"https:\/\/schema.org","@graph":[{"@type":"WebPage","@id":"https:\/\/docs.dolisim.com\/fr\/gestion-locative\/","url":"https:\/\/docs.dolisim.com\/fr\/gestion-locative\/","name":"Gestion locative - Documentation Dolisim","isPartOf":{"@id":"https:\/\/docs.dolisim.com\/fr\/#website"},"datePublished":"2021-04-01T08:04:34+00:00","dateModified":"2021-04-19T06:35:34+00:00","breadcrumb":{"@id":"https:\/\/docs.dolisim.com\/fr\/gestion-locative\/#breadcrumb"},"inLanguage":"fr-FR","potentialAction":[{"@type":"ReadAction","target":["https:\/\/docs.dolisim.com\/fr\/gestion-locative\/"]}]},{"@type":"BreadcrumbList","@id":"https:\/\/docs.dolisim.com\/fr\/gestion-locative\/#breadcrumb","itemListElement":[{"@type":"ListItem","position":1,"name":"Home","item":"https:\/\/docs.dolisim.com\/fr\/"},{"@type":"ListItem","position":2,"name":"Gestion locative"}]},{"@type":"WebSite","@id":"https:\/\/docs.dolisim.com\/fr\/#website","url":"https:\/\/docs.dolisim.com\/fr\/","name":"Documentation Dolisim","description":"Logiciel de Gestion d&#039;Entreprise ERP","potentialAction":[{"@type":"SearchAction","target":{"@type":"EntryPoint","urlTemplate":"https:\/\/docs.dolisim.com\/fr\/?s={search_term_string}"},"query-input":"required name=search_term_string"}],"inLanguage":"fr-FR"}]}},"_links":{"self":[{"href":"https:\/\/docs.dolisim.com\/fr\/wp-json\/wp\/v2\/pages\/7","targetHints":{"allow":["GET"]}}],"collection":[{"href":"https:\/\/docs.dolisim.com\/fr\/wp-json\/wp\/v2\/pages"}],"about":[{"href":"https:\/\/docs.dolisim.com\/fr\/wp-json\/wp\/v2\/types\/page"}],"author":[{"embeddable":true,"href":"https:\/\/docs.dolisim.com\/fr\/wp-json\/wp\/v2\/users\/1"}],"replies":[{"embeddable":true,"href":"https:\/\/docs.dolisim.com\/fr\/wp-json\/wp\/v2\/comments?post=7"}],"version-history":[{"count":16,"href":"https:\/\/docs.dolisim.com\/fr\/wp-json\/wp\/v2\/pages\/7\/revisions"}],"predecessor-version":[{"id":265,"href":"https:\/\/docs.dolisim.com\/fr\/wp-json\/wp\/v2\/pages\/7\/revisions\/265"}],"wp:attachment":[{"href":"https:\/\/docs.dolisim.com\/fr\/wp-json\/wp\/v2\/media?parent=7"}],"curies":[{"name":"wp","href":"https:\/\/api.w.org\/{rel}","templated":true}]}}